{"id":30,"date":"2026-03-02T09:43:18","date_gmt":"2026-03-02T08:43:18","guid":{"rendered":"https:\/\/site20.monsitecommeunpro.fr\/?page_id=30"},"modified":"2026-03-16T10:24:34","modified_gmt":"2026-03-16T09:24:34","slug":"les-crampons-volants-2","status":"publish","type":"page","link":"https:\/\/site20.monsitecommeunpro.fr\/","title":{"rendered":"Les crampons volants"},"content":{"rendered":"\n<p>Bienvenue sur <strong>Les Crampons Volants<\/strong>, votre sp\u00e9cialiste des crampons de rugby et de leur entretien professionnel. Notre mission est simple : offrir aux joueurs des crampons performants, propres et pr\u00eats \u00e0 affronter chaque match dans les meilleures conditions.<\/p>\n\n\n\n<p>Situ\u00e9 \u00e0 Paris, notre site r\u00e9el est un lieu d\u00e9di\u00e9 aux passionn\u00e9s de rugby, qu\u2019ils soient amateurs ou confirm\u00e9s. Nous proposons une s\u00e9lection de <strong>crampons sp\u00e9ciaux pour le rugby<\/strong>, con\u00e7us pour garantir une excellente adh\u00e9rence, un confort optimal et une performance maximale sur tous types de terrains. <\/p>\n\n\n\n<figure class=\"wp-block-image aligncenter size-large is-resized\"><img loading=\"lazy\" decoding=\"async\" width=\"1024\" height=\"1024\" src=\"https:\/\/site20.monsitecommeunpro.fr\/wp-content\/uploads\/2026\/03\/Crampons-de-rugby-1-1024x1024.png\" alt=\"\" class=\"wp-image-35\" style=\"width:370px;height:auto\" srcset=\"https:\/\/site20.monsitecommeunpro.fr\/wp-content\/uploads\/2026\/03\/Crampons-de-rugby-1-1024x1024.png 1024w, https:\/\/site20.monsitecommeunpro.fr\/wp-content\/uploads\/2026\/03\/Crampons-de-rugby-1-300x300.png 300w, https:\/\/site20.monsitecommeunpro.fr\/wp-content\/uploads\/2026\/03\/Crampons-de-rugby-1-150x150.png 150w, https:\/\/site20.monsitecommeunpro.fr\/wp-content\/uploads\/2026\/03\/Crampons-de-rugby-1-768x768.png 768w, https:\/\/site20.monsitecommeunpro.fr\/wp-content\/uploads\/2026\/03\/Crampons-de-rugby-1-1536x1536.png 1536w, https:\/\/site20.monsitecommeunpro.fr\/wp-content\/uploads\/2026\/03\/Crampons-de-rugby-1.png 2000w\" sizes=\"auto, (max-width: 1024px) 100vw, 1024px\" \/><\/figure>\n\n\n\n<p>\/<\/p>\n\n\n\n<div class=\"wp-block-uagb-testimonial uagb-slick-carousel uagb-tm__arrow-outside uagb-block-c4163364\"><div class=\"is-carousel uagb-tm__columns-1 uagb-tm__items\"><div class=\"uagb-testimonial__wrap  uagb-tm__imgicon-style-circle uagb-tm__image-position-bottom uagb-tm__bg-type-none \"><div class=\"uagb-tm__content\"><div class=\"uagb-tm__overlay\"><\/div><div class=\"uagb-tm__text-wrap\"><div class=\"uagb-tm__desc\">Site de confiance.<br>Commande livr\u00e9e en une semaine, d\u00e9lais rapide.<\/div><div class=\"uagb-tm__meta-inner\"><div class=\"uagb-testimonial-details\"><span class=\"uagb-tm__author-name\">Marius Mouchene <\/span><span class=\"uagb-tm__company\"><\/span><\/div><\/div><\/div><\/div><\/div><div class=\"uagb-testimonial__wrap  uagb-tm__imgicon-style-circle uagb-tm__image-position-bottom uagb-tm__bg-type-none \"><div class=\"uagb-tm__content\"><div class=\"uagb-tm__overlay\"><\/div><div class=\"uagb-tm__text-wrap\"><div class=\"uagb-tm__desc\">Pour avoir renvoy\u00e9 mes crampons, je dois avouer que c&rsquo;est tr\u00e8s pratique et c&rsquo;est toujours un bon geste pour la plan\u00e8te. Je recommande fortement.<\/div><div class=\"uagb-tm__meta-inner\"><div class=\"uagb-testimonial-details\"><span class=\"uagb-tm__author-name\">Matteo Mora<\/span><span class=\"uagb-tm__company\"><\/span><\/div><\/div><\/div><\/div><\/div><div class=\"uagb-testimonial__wrap  uagb-tm__imgicon-style-circle uagb-tm__image-position-bottom uagb-tm__bg-type-none \"><div class=\"uagb-tm__content\"><div class=\"uagb-tm__overlay\"><\/div><div class=\"uagb-tm__text-wrap\"><div class=\"uagb-tm__desc\">Cela fait maintenant 3 fois que je commande mes crampons sur ce site et la qualit\u00e9 est irr\u00e9prochable et les livraisons sont rapides.<\/div><div class=\"uagb-tm__meta-inner\"><div class=\"uagb-testimonial-details\"><span class=\"uagb-tm__author-name\">Emile Lambert <\/span><span class=\"uagb-tm__company\"><\/span><\/div><\/div><\/div><\/div><\/div><\/div><\/div>\n\n\n\t\t\t<div \n\t\t\tclass=\"wp-block-uagb-google-map uagb-google-map__wrap uagb-block-0781b7ab     \"\n\t\t\tstyle=\"\" >\n\t\t\t\t<embed\n\t\t\t\t\tclass=\"uagb-google-map__iframe\"\n\t\t\t\t\ttitle=\"Carte Google pour \"\n\t\t\t\t\tsrc=\"https:\/\/maps.google.com\/maps?q=Rue%20Aubriot&#038;z=12&#038;hl=en&#038;t=m&#038;output=embed&#038;iwloc=near\"\n\t\t\t\t\twidth=\"640\"\n\t\t\t\t\theight=\"300\"\n\t\t\t\t\tloading=\"lazy\"\n\t\t\t\t><\/embed>\n\t\t\t<\/div>\n\t\t\t\n\n\n<p><\/p>\n","protected":false},"excerpt":{"rendered":"<p>Bienvenue sur Les Crampons Volants, votre sp\u00e9cialiste des crampons de rugby et de leur entretien professionnel. Notre mission est simple [&hellip;]<\/p>\n","protected":false},"author":1,"featured_media":0,"parent":0,"menu_order":0,"comment_status":"closed","ping_status":"closed","template":"","meta":{"_uag_custom_page_level_css":"","site-sidebar-layout":"default","site-content-layout":"","ast-site-content-layout":"default","site-content-style":"default","site-sidebar-style":"default","ast-global-header-display":"","ast-banner-title-visibility":"","ast-main-header-display":"","ast-hfb-above-header-display":"","ast-hfb-below-header-display":"","ast-hfb-mobile-header-display":"","site-post-title":"","ast-breadcrumbs-content":"","ast-featured-img":"","footer-sml-layout":"","ast-disable-related-posts":"","theme-transparent-header-meta":"","adv-header-id-meta":"","stick-header-meta":"","header-above-stick-meta":"","header-main-stick-meta":"","header-below-stick-meta":"","astra-migrate-meta-layouts":"default","ast-page-background-enabled":"default","ast-page-background-meta":{"desktop":{"background-color":"var(--ast-global-color-5)","background-image":"","background-repeat":"repeat","background-position":"center center","background-size":"auto","background-attachment":"scroll","background-type":"","background-media":"","overlay-type":"","overlay-color":"","overlay-opacity":"","overlay-gradient":""},"tablet":{"background-color":"","background-image":"","background-repeat":"repeat","background-position":"center center","background-size":"auto","background-attachment":"scroll","background-type":"","background-media":"","overlay-type":"","overlay-color":"","overlay-opacity":"","overlay-gradient":""},"mobile":{"background-color":"","background-image":"","background-repeat":"repeat","background-position":"center center","background-size":"auto","background-attachment":"scroll","background-type":"","background-media":"","overlay-type":"","overlay-color":"","overlay-opacity":"","overlay-gradient":""}},"ast-content-background-meta":{"desktop":{"background-color":"var(--ast-global-color-4)","background-image":"","background-repeat":"repeat","background-position":"center center","background-size":"auto","background-attachment":"scroll","background-type":"","background-media":"","overlay-type":"","overlay-color":"","overlay-opacity":"","overlay-gradient":""},"tablet":{"background-color":"var(--ast-global-color-4)","background-image":"","background-repeat":"repeat","background-position":"center center","background-size":"auto","background-attachment":"scroll","background-type":"","background-media":"","overlay-type":"","overlay-color":"","overlay-opacity":"","overlay-gradient":""},"mobile":{"background-color":"var(--ast-global-color-4)","background-image":"","background-repeat":"repeat","background-position":"center center","background-size":"auto","background-attachment":"scroll","background-type":"","background-media":"","overlay-type":"","overlay-color":"","overlay-opacity":"","overlay-gradient":""}},"footnotes":""},"class_list":["post-30","page","type-page","status-publish","hentry"],"uagb_featured_image_src":{"full":false,"thumbnail":false,"medium":false,"medium_large":false,"large":false,"1536x1536":false,"2048x2048":false},"uagb_author_info":{"display_name":"admin","author_link":"https:\/\/site20.monsitecommeunpro.fr\/?author=1"},"uagb_comment_info":0,"uagb_excerpt":"Bienvenue sur Les Crampons Volants, votre sp\u00e9cialiste des crampons de rugby et de leur entretien professionnel. Notre mission est simple [&hellip;]","_links":{"self":[{"href":"https:\/\/site20.monsitecommeunpro.fr\/index.php?rest_route=\/wp\/v2\/pages\/30","targetHints":{"allow":["GET"]}}],"collection":[{"href":"https:\/\/site20.monsitecommeunpro.fr\/index.php?rest_route=\/wp\/v2\/pages"}],"about":[{"href":"https:\/\/site20.monsitecommeunpro.fr\/index.php?rest_route=\/wp\/v2\/types\/page"}],"author":[{"embeddable":true,"href":"https:\/\/site20.monsitecommeunpro.fr\/index.php?rest_route=\/wp\/v2\/users\/1"}],"replies":[{"embeddable":true,"href":"https:\/\/site20.monsitecommeunpro.fr\/index.php?rest_route=%2Fwp%2Fv2%2Fcomments&post=30"}],"version-history":[{"count":7,"href":"https:\/\/site20.monsitecommeunpro.fr\/index.php?rest_route=\/wp\/v2\/pages\/30\/revisions"}],"predecessor-version":[{"id":126,"href":"https:\/\/site20.monsitecommeunpro.fr\/index.php?rest_route=\/wp\/v2\/pages\/30\/revisions\/126"}],"wp:attachment":[{"href":"https:\/\/site20.monsitecommeunpro.fr\/index.php?rest_route=%2Fwp%2Fv2%2Fmedia&parent=30"}],"curies":[{"name":"wp","href":"https:\/\/api.w.org\/{rel}","templated":true}]}}